{"id":4031,"date":"2025-05-20T07:03:22","date_gmt":"2025-05-20T07:03:22","guid":{"rendered":"https:\/\/emmwp.com\/a-propos\/"},"modified":"2026-03-27T21:34:32","modified_gmt":"2026-03-27T21:34:32","slug":"a-propos","status":"publish","type":"page","link":"https:\/\/emmwp.com\/fr\/a-propos\/","title":{"rendered":"\u00c0 Propos"},"content":{"rendered":"\t\t<div data-elementor-type=\"wp-page\" data-elementor-id=\"4031\" class=\"elementor elementor-4031 elementor-398\">\n\t\t\t\t<div class=\"elementor-element elementor-element-0949112 e-flex e-con-boxed e-con e-parent\" data-id=\"0949112\" data-element_type=\"container\" data-e-type=\"container\" data-settings=\"{&quot;background_background&quot;:&quot;classic&quot;}\">\n\t\t\t\t\t<div class=\"e-con-inner\">\n\t\t\t\t\t<\/div>\n\t\t\t\t<\/div>\n\t\t\t\t<section class=\"elementor-section elementor-top-section elementor-element elementor-element-15b102e elementor-section-full_width elementor-section-height-default elementor-section-height-default\" data-id=\"15b102e\" data-element_type=\"section\" data-e-type=\"section\">\n\t\t\t\t\t\t<div class=\"elementor-container elementor-column-gap-no\">\n\t\t\t\t\t<div class=\"elementor-column elementor-col-100 elementor-top-column elementor-element elementor-element-4c3852c\" data-id=\"4c3852c\" data-element_type=\"column\" data-e-type=\"column\">\n\t\t\t<div class=\"elementor-widget-wrap elementor-element-populated\">\n\t\t\t\t<div class=\"elementor-element elementor-element-813c4a7 elementor-hidden-desktop e-flex e-con-boxed e-con e-parent\" data-id=\"813c4a7\" data-element_type=\"container\" data-e-type=\"container\">\n\t\t\t\t\t<div class=\"e-con-inner\">\n\t\t\t\t<div class=\"elementor-element elementor-element-13dfe9e elementor-widget elementor-widget-heading\" data-id=\"13dfe9e\" data-element_type=\"widget\" data-e-type=\"widget\" data-widget_type=\"heading.default\">\n\t\t\t\t\t<h2 class=\"elementor-heading-title elementor-size-default\"><div style=\"text-align:center\">\n  <span class=\"section-title\" style=\"font-size:18px;letter-spacing:0.05em\">\n Nous b\u00e2tissons l'inimaginable\n  <\/span>\n<\/div><\/h2>\t\t\t\t<\/div>\n\t\t\t\t<div class=\"elementor-element elementor-element-0797706 elementor-widget elementor-widget-html\" data-id=\"0797706\" data-element_type=\"widget\" data-e-type=\"widget\" data-widget_type=\"html.default\">\n\t\t\t\t\t<div style=\"max-width:420px; margin:0 auto; text-align:left; line-height:1.5; padding:0 20px; font-family: Arial, sans-serif;\">\n\n  <div id=\"textPreview\">\n    <p>\n Fond\u00e9e en 2003, EMM Williams Productions est une entreprise de divertissement mondiale bas\u00e9e \u00e0 Montr\u00e9al, sp\u00e9cialis\u00e9e dans les spectacles vivants, les exp\u00e9riences immersives, les productions en tourn\u00e9e internationale et les \u00e9v\u00e9nements sp\u00e9ciaux de grande envergure.\n    <\/p>\n  <\/div>\n\n  <div id=\"fullText\" style=\"display:none;\">\n    <p>\n Fond\u00e9e en 2003, EMM Williams Productions est une entreprise de divertissement mondiale bas\u00e9e \u00e0 Montr\u00e9al, sp\u00e9cialis\u00e9e dans les spectacles vivants, les exp\u00e9riences immersives, les productions en tourn\u00e9e internationale et les \u00e9v\u00e9nements sp\u00e9ciaux de grande envergure. En tant que promoteurs, producteurs et architectes cr\u00e9atifs d'environnements exp\u00e9rientiels, nous \u0153uvrons \u00e0 l'intersection du spectacle, de la narration et de l'innovation.\n    <\/p>\n\n    <p>\n Forte de plusieurs d\u00e9cennies d'expertise couvrant les performances acrobatiques, les environnements multim\u00e9dias \u00e0 grande \u00e9chelle, la transformation de lieux et l'ex\u00e9cution d'\u00e9v\u00e9nements mondiaux, l'entreprise a collabor\u00e9 avec certaines des organisations les plus prestigieuses et les plus grands studios de cr\u00e9ation \u00e0 travers le monde.\n    <\/p>\n\n    <p>\n Dans un paysage du divertissement en constante \u00e9volution, nous gardons une longueur d'avance gr\u00e2ce \u00e0 une diversification strat\u00e9gique et \u00e0 l'expansion continue de nos champs d'expertise, de la production de tourn\u00e9es et du design immersif aux partenariats de marque et aux concepts exp\u00e9rientiels de grande envergure. Cette approche multidimensionnelle a instaur\u00e9 une signature d\u2019excellence, d\u00e9finie par la pr\u00e9cision, la cr\u00e9ativit\u00e9 et une qualit\u00e9 sans compromis.\n    <\/p>\n\n    <p>\n Port\u00e9s par une \u00e9quipe jeune, visionnaire et hautement dynamique, nous nous engageons en faveur de l'innovation durable, de la croissance \u00e0 long terme et de la cr\u00e9ation d'une valeur p\u00e9renne pour nos clients, nos partenaires et nos actionnaires. Notre mandat n'est pas seulement de produire des \u00e9v\u00e9nements, mais de concevoir des exp\u00e9riences que le public emporte avec lui bien apr\u00e8s que les lumi\u00e8res se sont \u00e9teintes.\n    <\/p>\n  <\/div>\n\n  <!-- Button -->\n  <div style=\"margin-top:10px;\">\n    <span onclick=\"toggleText()\" id=\"readMoreBtn\" style=\"cursor:pointer; font-weight:bold; font-size:14px;\">\n En savoir plus\n    <\/span>\n  <\/div>\n\n<\/div>\n\n<script>\nfunction toggleText() {\n  var preview = document.getElementById(\"textPreview\");\n  var full = document.getElementById(\"fullText\");\n  var btn = document.getElementById(\"readMoreBtn\");\n\n  if (full.style.display === \"none\") {\n    full.style.display = \"block\";\n    preview.style.display = \"none\";\n    btn.innerHTML = \"Read Less\";\n  } else {\n    full.style.display = \"none\";\n    preview.style.display = \"block\";\n    btn.innerHTML = \"Read More\";\n  }\n}\n<\/script>\t\t\t\t<\/div>\n\t\t\t\t\t<\/div>\n\t\t\t\t<\/div>\n\t\t<div class=\"elementor-element elementor-element-9a991b3 elementor-hidden-tablet elementor-hidden-mobile e-flex e-con-boxed e-con e-parent\" data-id=\"9a991b3\" data-element_type=\"container\" data-e-type=\"container\">\n\t\t\t\t\t<div class=\"e-con-inner\">\n\t\t\t\t<div class=\"elementor-element elementor-element-81a5e80 elementor-hidden-tablet elementor-hidden-mobile elementor-widget elementor-widget-heading\" data-id=\"81a5e80\" data-element_type=\"widget\" data-e-type=\"widget\" data-widget_type=\"heading.default\">\n\t\t\t\t\t<h2 class=\"elementor-heading-title elementor-size-default\"><span class=\"section-title\">Nous b\u00e2tissons l'inimaginable<\/span> \n<\/h2>\t\t\t\t<\/div>\n\t\t\t\t<div class=\"elementor-element elementor-element-0465bfc elementor-hidden-tablet elementor-hidden-mobile elementor-widget elementor-widget-heading\" data-id=\"0465bfc\" data-element_type=\"widget\" data-e-type=\"widget\" data-widget_type=\"heading.default\">\n\t\t\t\t\t<h5 class=\"elementor-heading-title elementor-size-default\"><div style=\"max-width:px;margin:0 auto;text-align:justify;line-height:1.0\">\n\n<p>\nFond\u00e9e en 2003, EMM Williams Productions est une entreprise de divertissement mondiale bas\u00e9e \u00e0 Montr\u00e9al, sp\u00e9cialis\u00e9e dans les spectacles vivants, les exp\u00e9riences immersives, les productions en tourn\u00e9e internationale et les \u00e9v\u00e9nements sp\u00e9ciaux de grande envergure. En tant que promoteurs, producteurs et architectes cr\u00e9atifs d'environnements exp\u00e9rientiels, nous \u0153uvrons \u00e0 l'intersection du spectacle, de la narration et de l'innovation.\n<\/p>\n\n<p>\nForte de plusieurs d\u00e9cennies d'expertise couvrant les performances acrobatiques, les environnements multim\u00e9dias \u00e0 grande \u00e9chelle, la transformation de lieux et l'ex\u00e9cution d'\u00e9v\u00e9nements mondiaux, l'entreprise a collabor\u00e9 avec certaines des organisations les plus prestigieuses et les plus grands studios de cr\u00e9ation \u00e0 travers le monde.\n<\/p>\n\n<p>\nDans un paysage du divertissement en constante \u00e9volution, nous gardons une longueur d'avance gr\u00e2ce \u00e0 une diversification strat\u00e9gique et \u00e0 l'expansion continue de nos champs d'expertise, de la production de tourn\u00e9es et du design immersif aux partenariats de marque et aux concepts exp\u00e9rientiels de grande envergure. Cette approche multidimensionnelle a instaur\u00e9 une signature d\u2019excellence, d\u00e9finie par la pr\u00e9cision, la cr\u00e9ativit\u00e9 et une qualit\u00e9 sans compromis.\n<\/p>\n\n<p>\nPort\u00e9s par une \u00e9quipe jeune, visionnaire et hautement dynamique, nous nous engageons en faveur de l'innovation durable, de la croissance \u00e0 long terme et de la cr\u00e9ation d'une valeur p\u00e9renne pour nos clients, nos partenaires et nos actionnaires. Notre mandat n'est pas seulement de produire des \u00e9v\u00e9nements, mais de concevoir des exp\u00e9riences que le public emporte avec lui bien apr\u00e8s que les lumi\u00e8res se sont \u00e9teintes.\n<\/p>\n\n<\/div><\/h5>\t\t\t\t<\/div>\n\t\t\t\t\t<\/div>\n\t\t\t\t<\/div>\n\t\t\t\t<div class=\"elementor-element elementor-element-92c96c3 elementor-align-left elementor-widget elementor-widget-bdevs-section-about\" data-id=\"92c96c3\" data-element_type=\"widget\" data-e-type=\"widget\" data-widget_type=\"bdevs-section-about.default\">\n\t\t\t\t<div class=\"elementor-widget-container\">\n\t\t\t\t\t<section class=\"about section-padding\">\r\n    <div class=\"container\">\r\n        <div class=\"row\">\r\n            <div class=\"col-lg-6 col-md-12 mb-30\">\r\n                <div class=\"img2\"> <img decoding=\"async\" src=\"https:\/\/emmwp.com\/wp-content\/uploads\/2026\/03\/2-3-scaled.jpg\" alt=\"\">\r\n                    <div class=\"text\">\r\n                        <h6>Nos expertises<\/h6>\r\n                        <div class=\"shap-left-bottom\">\r\n                            <svg viewBox=\"0 0 11 11\" fill=\"none\" xmlns=\"http:\/\/www.w3.org\/2000\/svg\" class=\"w-11 h-11\">\r\n                                <path d=\"M11 1.54972e-06L0 0L2.38419e-07 11C1.65973e-07 4.92487 4.92487 1.62217e-06 11 1.54972e-06Z\" fill=\"#ffffff\"><\/path>\r\n                            <\/svg>\r\n                        <\/div>\r\n                        <div class=\"shap-right-bottom\">\r\n                            <svg viewBox=\"0 0 11 11\" fill=\"none\" xmlns=\"http:\/\/www.w3.org\/2000\/svg\" class=\"w-11 h-11\">\r\n                                <path d=\"M11 1.54972e-06L0 0L2.38419e-07 11C1.65973e-07 4.92487 4.92487 1.62217e-06 11 1.54972e-06Z\" fill=\"#ffffff\"><\/path>\r\n                            <\/svg>\r\n                        <\/div>\r\n                    <\/div>\r\n                <\/div>\r\n            <\/div>\r\n            <div class=\"col-lg-5 offset-lg-1 col-md-12\">\r\n                <div class=\"content\">\r\n                    <div class=\"section-subtitle\"><\/div>\r\n                    <div class=\"section-title\">Nous cr\u00e9ons la sc\u00e8ne<br>pas les tendances.<\/div>\r\n                    <p><div style=\"text-align: justify\">\nChez EMM Williams Productions, nous misons sur des id\u00e9es audacieuses pour cr\u00e9er des exp\u00e9riences qui marquent l\u2019imaginaire. Nos r\u00e9alisations tissent des liens profonds avec les publics et les clients, fa\u00e7onnant des moments qui habitent les esprits bien apr\u00e8s qu\u2019ils soient termin\u00e9s. Nous croyons en la cr\u00e9ation d'exp\u00e9riences qui comptent et qui durent.\n<\/div>\n<\/p>\r\n                    <ul class=\"list-unstyled list mb-30\">\r\n                    \t\t                        <li>\r\n\t                            <div class=\"list-icon\"> <span class=\"ti-check\"><\/span> <\/div>\r\n\t                            <div class=\"list-text\">\r\n\t                                <p><strong>NOUS B\u00c2TISSONS L'INIMAGINABLE<\/strong><\/p>\r\n\t                            <\/div>\r\n\t                        <\/li>\r\n                                            <\/ul>\r\n                <\/div>\r\n            <\/div>\r\n        <\/div>\r\n    <\/div>\r\n<\/section>\r\n\t\t\t\t<\/div>\n\t\t\t\t<\/div>\n\t\t\t\t<div class=\"elementor-element elementor-element-9b00ef7 revert-col elementor-align-left elementor-widget elementor-widget-bdevs-section-about\" data-id=\"9b00ef7\" data-element_type=\"widget\" data-e-type=\"widget\" id=\"lower-section\" data-widget_type=\"bdevs-section-about.default\">\n\t\t\t\t<div class=\"elementor-widget-container\">\n\t\t\t\t\t<section class=\"about section-padding\">\r\n    <div class=\"container\">\r\n        <div class=\"row\">\r\n            <div class=\"col-lg-6 col-md-12 mb-30\">\r\n                <div class=\"img2\"> <img decoding=\"async\" src=\"https:\/\/emmwp.com\/wp-content\/uploads\/2026\/03\/project_block798-scaled.jpg\" alt=\"\">\r\n                    <div class=\"text\">\r\n                        <h6>LA MISSION<\/h6>\r\n                        <div class=\"shap-left-bottom\">\r\n                            <svg viewBox=\"0 0 11 11\" fill=\"none\" xmlns=\"http:\/\/www.w3.org\/2000\/svg\" class=\"w-11 h-11\">\r\n                                <path d=\"M11 1.54972e-06L0 0L2.38419e-07 11C1.65973e-07 4.92487 4.92487 1.62217e-06 11 1.54972e-06Z\" fill=\"#ffffff\"><\/path>\r\n                            <\/svg>\r\n                        <\/div>\r\n                        <div class=\"shap-right-bottom\">\r\n                            <svg viewBox=\"0 0 11 11\" fill=\"none\" xmlns=\"http:\/\/www.w3.org\/2000\/svg\" class=\"w-11 h-11\">\r\n                                <path d=\"M11 1.54972e-06L0 0L2.38419e-07 11C1.65973e-07 4.92487 4.92487 1.62217e-06 11 1.54972e-06Z\" fill=\"#ffffff\"><\/path>\r\n                            <\/svg>\r\n                        <\/div>\r\n                    <\/div>\r\n                <\/div>\r\n            <\/div>\r\n            <div class=\"col-lg-5 offset-lg-1 col-md-12\">\r\n                <div class=\"content\">\r\n                    <div class=\"section-subtitle\"><\/div>\r\n                    <div class=\"section-title\"><span>Experiences <\/span> That Define Culture<\/div>\r\n                    <p><div style=\"max-width:950px;margin:0 auto;text-align:justify;line-height:1.5\">\n<p>\nChez EMM Williams Productions, nous produisons, promouvons et livrons des exp\u00e9riences de calibre mondial qui touchent les gens sur les plans \u00e9motionnel, culturel et commercial.\n<p>\nNous transformons les visions audacieuses en r\u00e9alit\u00e9 \u2014 en surpassant les attentes et en red\u00e9finissant les standards de l'industrie.\n<p>\nGuid\u00e9s par une culture ax\u00e9e sur les solutions, chaque projet suit une approche rigoureuse : d\u00e9finir le succ\u00e8s, tracer la voie et livrer au-del\u00e0 des attentes.\n<\/p>\r\n                    <ul class=\"list-unstyled list mb-30\">\r\n                    \t\t                        <li>\r\n\t                            <div class=\"list-icon\"> <span class=\"ti-check\"><\/span> <\/div>\r\n\t                            <div class=\"list-text\">\r\n\t                                <p><strong>NOUS RED\u00c9FINISSONS LES ATTENTES<\/strong><\/p>\r\n\t                            <\/div>\r\n\t                        <\/li>\r\n                                            <\/ul>\r\n                <\/div>\r\n            <\/div>\r\n        <\/div>\r\n    <\/div>\r\n<\/section>\r\n\t\t\t\t<\/div>\n\t\t\t\t<\/div>\n\t\t\t\t<div class=\"elementor-element elementor-element-7f136fb elementor-align-left elementor-widget elementor-widget-bdevs-section-about\" data-id=\"7f136fb\" data-element_type=\"widget\" data-e-type=\"widget\" data-widget_type=\"bdevs-section-about.default\">\n\t\t\t\t<div class=\"elementor-widget-container\">\n\t\t\t\t\t<section class=\"about section-padding\">\r\n    <div class=\"container\">\r\n        <div class=\"row\">\r\n            <div class=\"col-lg-6 col-md-12 mb-30\">\r\n                <div class=\"img2\"> <img decoding=\"async\" src=\"https:\/\/emmwp.com\/wp-content\/uploads\/2026\/03\/11454902_web1_FuerzaBruta_CitibankHallSP_T4F_130118_WEB_171.webp\" alt=\"\">\r\n                    <div class=\"text\">\r\n                        <h6>LA VISION<\/h6>\r\n                        <div class=\"shap-left-bottom\">\r\n                            <svg viewBox=\"0 0 11 11\" fill=\"none\" xmlns=\"http:\/\/www.w3.org\/2000\/svg\" class=\"w-11 h-11\">\r\n                                <path d=\"M11 1.54972e-06L0 0L2.38419e-07 11C1.65973e-07 4.92487 4.92487 1.62217e-06 11 1.54972e-06Z\" fill=\"#fff\"><\/path>\r\n                            <\/svg>\r\n                        <\/div>\r\n                        <div class=\"shap-right-bottom\">\r\n                            <svg viewBox=\"0 0 11 11\" fill=\"none\" xmlns=\"http:\/\/www.w3.org\/2000\/svg\" class=\"w-11 h-11\">\r\n                                <path d=\"M11 1.54972e-06L0 0L2.38419e-07 11C1.65973e-07 4.92487 4.92487 1.62217e-06 11 1.54972e-06Z\" fill=\"#fff\"><\/path>\r\n                            <\/svg>\r\n                        <\/div>\r\n                    <\/div>\r\n                <\/div>\r\n            <\/div>\r\n            <div class=\"col-lg-5 offset-lg-1 col-md-12\">\r\n                <div class=\"content\">\r\n                    <div class=\"section-subtitle\"><\/div>\r\n                    <div class=\"section-title\">\u00c0 l'avant-garde de demain<\/div>\r\n                    <p><div style=\"max-width:950px;margin:0 auto;text-align:justify;line-height:0.9\">\n\n<p>\nL'avenir du divertissement est immersif, sans fronti\u00e8res et audacieux.<br>La vision d'EMM est de s'imposer comme une force mondiale en production et en promotion, d\u00e9finir la suite en mariant l'innovation cr\u00e9ative et la ma\u00eetrise commerciale.\n\n<\/div><\/p>\r\n                    <ul class=\"list-unstyled list mb-30\">\r\n                    \t\t                        <li>\r\n\t                            <div class=\"list-icon\"> <span class=\"ti-check\"><\/span> <\/div>\r\n\t                            <div class=\"list-text\">\r\n\t                                <p><strong>NOUS AVONS UNE LONGUEUR D'AVANCE<\/strong><\/p>\r\n\t                            <\/div>\r\n\t                        <\/li>\r\n                                            <\/ul>\r\n                <\/div>\r\n            <\/div>\r\n        <\/div>\r\n    <\/div>\r\n<\/section>\r\n\t\t\t\t<\/div>\n\t\t\t\t<\/div>\n\t\t\t\t\t<\/div>\n\t\t<\/div>\n\t\t\t\t\t<\/div>\n\t\t<\/section>\n\t\t\t\t<\/div>\n\t\t","protected":false},"excerpt":{"rendered":"<p>Nous b\u00e2tissons l&rsquo;inimaginable Fond\u00e9e en 2003, EMM Williams Productions est une entreprise de divertissement mondiale bas\u00e9e \u00e0 Montr\u00e9al, sp\u00e9cialis\u00e9e dans les spectacles vivants, les exp\u00e9riences immersives, les productions en tourn\u00e9e internationale et les \u00e9v\u00e9nements sp\u00e9ciaux de grande envergure. Fond\u00e9e en 2003, EMM Williams Productions est une entreprise de divertissement mondiale bas\u00e9e \u00e0 Montr\u00e9al, sp\u00e9cialis\u00e9e dans [&hellip;]<\/p>\n","protected":false},"author":1,"featured_media":0,"parent":0,"menu_order":0,"comment_status":"closed","ping_status":"closed","template":"page-templates\/home.php","meta":{"inline_featured_image":false,"_monsterinsights_skip_tracking":false,"_monsterinsights_sitenote_active":false,"_monsterinsights_sitenote_note":"","_monsterinsights_sitenote_category":0,"footnotes":""},"class_list":["post-4031","page","type-page","status-publish","hentry"],"aioseo_notices":[],"_links":{"self":[{"href":"https:\/\/emmwp.com\/fr\/wp-json\/wp\/v2\/pages\/4031","targetHints":{"allow":["GET"]}}],"collection":[{"href":"https:\/\/emmwp.com\/fr\/wp-json\/wp\/v2\/pages"}],"about":[{"href":"https:\/\/emmwp.com\/fr\/wp-json\/wp\/v2\/types\/page"}],"author":[{"embeddable":true,"href":"https:\/\/emmwp.com\/fr\/wp-json\/wp\/v2\/users\/1"}],"replies":[{"embeddable":true,"href":"https:\/\/emmwp.com\/fr\/wp-json\/wp\/v2\/comments?post=4031"}],"version-history":[{"count":3,"href":"https:\/\/emmwp.com\/fr\/wp-json\/wp\/v2\/pages\/4031\/revisions"}],"predecessor-version":[{"id":4177,"href":"https:\/\/emmwp.com\/fr\/wp-json\/wp\/v2\/pages\/4031\/revisions\/4177"}],"wp:attachment":[{"href":"https:\/\/emmwp.com\/fr\/wp-json\/wp\/v2\/media?parent=4031"}],"curies":[{"name":"wp","href":"https:\/\/api.w.org\/{rel}","templated":true}]}}