{"id":4083,"date":"2025-05-19T03:49:20","date_gmt":"2025-05-19T03:49:20","guid":{"rendered":"https:\/\/emmwp.com\/?page_id=4083"},"modified":"2026-03-31T17:35:50","modified_gmt":"2026-03-31T17:35:50","slug":"accueil","status":"publish","type":"page","link":"https:\/\/emmwp.com\/fr\/","title":{"rendered":"Accueil"},"content":{"rendered":"\t\t<div data-elementor-type=\"wp-page\" data-elementor-id=\"4083\" class=\"elementor elementor-4083 elementor-318\">\n\t\t\t\t<div class=\"elementor-element elementor-element-24dd0a5 elementor-hidden-tablet elementor-hidden-mobile e-flex e-con-boxed e-con e-parent\" data-id=\"24dd0a5\" data-element_type=\"container\" data-e-type=\"container\" data-settings=\"{&quot;background_background&quot;:&quot;video&quot;,&quot;background_video_link&quot;:&quot;https:\\\/\\\/youtu.be\\\/qpLZfo1Rzug&quot;,&quot;background_play_on_mobile&quot;:&quot;yes&quot;}\">\n\t\t\t\t\t<div class=\"e-con-inner\">\n\t\t<div class=\"elementor-background-video-container\">\n\t\t\t\t\t\t\t<div class=\"elementor-background-video-embed\" role=\"presentation\"><\/div>\n\t\t\t\t\t\t<\/div>\t\t\t<\/div>\n\t\t\t\t<\/div>\n\t\t<div class=\"elementor-element elementor-element-82a00bc e-con-full elementor-hidden-desktop e-flex e-con e-parent\" data-id=\"82a00bc\" data-element_type=\"container\" data-e-type=\"container\" data-settings=\"{&quot;background_background&quot;:&quot;slideshow&quot;,&quot;background_slideshow_gallery&quot;:[],&quot;background_slideshow_loop&quot;:&quot;yes&quot;,&quot;background_slideshow_slide_duration&quot;:5000,&quot;background_slideshow_slide_transition&quot;:&quot;fade&quot;,&quot;background_slideshow_transition_duration&quot;:500}\">\n\t\t<div class=\"elementor-element elementor-element-736f436 e-flex e-con-boxed e-con e-child\" data-id=\"736f436\" data-element_type=\"container\" data-e-type=\"container\" data-settings=\"{&quot;background_background&quot;:&quot;classic&quot;}\">\n\t\t\t\t\t<div class=\"e-con-inner\">\n\t\t\t\t\t<\/div>\n\t\t\t\t<\/div>\n\t\t\t\t<\/div>\n\t\t\t\t<section class=\"elementor-section elementor-top-section elementor-element elementor-element-5deaa72 elementor-section-full_width elementor-section-height-default elementor-section-height-default\" data-id=\"5deaa72\" data-element_type=\"section\" data-e-type=\"section\">\n\t\t\t\t\t\t<div class=\"elementor-container elementor-column-gap-no\">\n\t\t\t\t\t<div class=\"elementor-column elementor-col-100 elementor-top-column elementor-element elementor-element-9e739ad\" data-id=\"9e739ad\" data-element_type=\"column\" data-e-type=\"column\">\n\t\t\t<div class=\"elementor-widget-wrap elementor-element-populated\">\n\t\t\t\t\t\t<div class=\"elementor-element elementor-element-8ed00ee elementor-widget__width-initial elementor-align-left elementor-widget elementor-widget-bdevs-about-home\" data-id=\"8ed00ee\" data-element_type=\"widget\" data-e-type=\"widget\" data-widget_type=\"bdevs-about-home.default\">\n\t\t\t\t<div class=\"elementor-widget-container\">\n\t\t\t\t\t<section class=\"about section-padding\">\r\n    <div class=\"container\">\r\n        <div class=\"row\">\r\n            <div class=\"col-lg-6 col-md-12\">\r\n                <div class=\"content\">\r\n                    <div class=\"section-subtitle\"><\/div>\r\n                    <div class=\"section-title\"><span>Au-del\u00e0 des \u00e9v\u00e9nements<\/span><br>Nous cr\u00e9ons des exp\u00e9riences<\/div>\r\n                    <p><div style=\"text-align: justify\">\nFond\u00e9e en 2003, EMM Williams Productions est une entreprise de divertissement d\u2019envergure internationale bas\u00e9e \u00e0 Montr\u00e9al, sp\u00e9cialis\u00e9e dans les spectacles en direct, les exp\u00e9riences immersives, les productions en tourn\u00e9e internationale et les \u00e9v\u00e9nements sp\u00e9ciaux de grande envergure.<br><\/div><\/p>\r\n                    <h5 class=\"mb-30\">Nous concevons des exp\u00e9riences que le public emporte avec lui bien apr\u00e8s que les lumi\u00e8res se sont \u00e9teintes.<\/h5> \r\n                    <a href=\"https:\/\/emmwp.com\/about-light\/\" class=\"bouton-2 mb-15\">En savoir plus<\/a>\r\n                    <div class=\"phone\"><a href=\"\"><i class=\"fa-light fa-phone\"><\/i><\/a><\/div>\r\n                <\/div>\r\n            <\/div>\r\n            <div class=\"col-lg-5 offset-lg-1 col-md-12 mt-30\">\r\n                <div class=\"item\"> <img decoding=\"async\" src=\"https:\/\/emmwp.com\/wp-content\/uploads\/2026\/03\/9XqQqmW-show-mezzanine16x9-Vs5GYfM.jpg\" class=\"img-fluid\" alt=\"\">\r\n                    <div class=\"bottom-fade\"><\/div>\r\n                    <div class=\"icon\"> <a href=\"https:\/\/youtu.be\/L1eC9hBRGT0\" class=\"vid arrow\"><span class=\"ti-control-play\"><\/span><\/a> <\/div>\r\n                    <div class=\"title\">\r\n                        <h4>Voir la vid\u00e9o<\/h4>\r\n                    <\/div>\r\n                <\/div>\r\n            <\/div>\r\n        <\/div>\r\n    <\/div>\r\n<\/section>\r\n<div class=\"line-vr-section\"><\/div>\r\n\t\t\t\t<\/div>\n\t\t\t\t<\/div>\n\t\t\t\t<div class=\"elementor-element elementor-element-ad515a0 elementor-align-left elementor-widget elementor-widget-bdevs-service-home\" data-id=\"ad515a0\" data-element_type=\"widget\" data-e-type=\"widget\" data-widget_type=\"bdevs-service-home.default\">\n\t\t\t\t<div class=\"elementor-widget-container\">\n\t\t\t\t\t<section class=\"services section-padding\">\r\n    <div class=\"container\">\r\n        <div class=\"row justify-content-center\">\r\n            <div class=\"col-md-12 text-center mb-20\">\r\n                <div class=\"section-subtitle\">Ce que nous cr\u00e9ons<\/div>\r\n                <div class=\"section-title\">Nos services<\/div>\r\n            <\/div>\r\n        <\/div>\r\n        <div class=\"row\">\r\n            <div class=\"col-md-12\">\r\n                <div class=\"owl-carousel owl-theme\">\r\n                \t\t\t\t\t\t\t\t\t\t\t                    <div class=\"item\">\r\n                        <div class=\"text\">\r\n                            <a href=\"https:\/\/emmwp.com\/fr\/service\/03-consultant\/\"><h5>03 \u2014 Consultant<\/h5><\/a>\r\n                            <p>Notre division-conseil est propuls\u00e9e par des cadres sup\u00e9rieurs cumulant chacun plus de 30 ans \u00e0 la t\u00eate de grandes entreprises de divertissement au Canada et \u00e0 l&#039;international. Nous parlons autant le langage des salles de conseil que celui des coulisses \u2014 offrant la clart\u00e9 strat\u00e9gique et l&#039;intelligence d&#039;industrie qui permettent \u00e0 nos clients d&#039;avancer plus vite, plus intelligemment, avec une confiance totale dans tout march\u00e9.<\/p>\r\n                        <\/div>\r\n                        <div class=\"icon\">\r\n                            <a href=\"https:\/\/emmwp.com\/fr\/service\/03-consultant\/\" class=\"arrow\">\r\n                                <div class=\"icon-w\"> <i class=\" icon-show\"><\/i> <i class=\"ti-arrow-top-right icon-hidden\"><\/i> <\/div>\r\n                            <\/a>\r\n                        <\/div>\r\n                    <\/div>\r\n                \t\t\t\t\t\t\t\t\t\t\t                    <div class=\"item\">\r\n                        <div class=\"text\">\r\n                            <a href=\"https:\/\/emmwp.com\/fr\/service\/02-promoteur\/\"><h5>02 \u2014 Promoteur<\/h5><\/a>\r\n                            <p>Fort de plus de 30 ans d&#039;exp\u00e9rience et de relations solides \u00e0 travers l&#039;industrie mondiale du divertissement, EMM a b\u00e2ti un r\u00e9seau de confiance couvrant tous les march\u00e9s cl\u00e9s de la plan\u00e8te. Cette fondation nous permet d&#039;agir comme v\u00e9ritable partenaire unique pour les producteurs, facilitant des tourn\u00e9es fluides et permettant une expansion internationale assur\u00e9e. Nos relations sont profondes, nos instincts sont aff\u00fbt\u00e9s, et chaque spectacle que nous promouvons porte le plein poids de notre engagement envers le succ\u00e8s.<\/p>\r\n                        <\/div>\r\n                        <div class=\"icon\">\r\n                            <a href=\"https:\/\/emmwp.com\/fr\/service\/02-promoteur\/\" class=\"arrow\">\r\n                                <div class=\"icon-w\"> <i class=\" icon-show\"><\/i> <i class=\"ti-arrow-top-right icon-hidden\"><\/i> <\/div>\r\n                            <\/a>\r\n                        <\/div>\r\n                    <\/div>\r\n                \t\t\t\t\t\t\t\t\t\t\t                    <div class=\"item\">\r\n                        <div class=\"text\">\r\n                            <a href=\"https:\/\/emmwp.com\/fr\/service\/01-producteur\/\"><h5>01 \u2014 Producteur<\/h5><\/a>\r\n                            <p>EMM con\u00e7oit et produit des spectacles \u00e0 grande \u00e9chelle et des exp\u00e9riences immersives b\u00e2ties pour dominer les sc\u00e8nes du monde entier. Nous allons au-del\u00e0 de la simple production, nous fa\u00e7onnons des exp\u00e9riences qui red\u00e9finissent ce qui est possible. Guid\u00e9s par une vision cr\u00e9ative et commerciale unifi\u00e9e, nous donnons vie aux id\u00e9es du concept au rideau, aux c\u00f4t\u00e9s des partenaires les plus influents au monde, en \u00e9tablissant de nouveaux standards \u00e0 chaque projet.<\/p>\r\n                        <\/div>\r\n                        <div class=\"icon\">\r\n                            <a href=\"https:\/\/emmwp.com\/fr\/service\/01-producteur\/\" class=\"arrow\">\r\n                                <div class=\"icon-w\"> <i class=\" icon-show\"><\/i> <i class=\"ti-arrow-top-right icon-hidden\"><\/i> <\/div>\r\n                            <\/a>\r\n                        <\/div>\r\n                    <\/div>\r\n                \t                <\/div>\r\n            <\/div>\r\n        <\/div>\r\n    <\/div>\r\n<\/section>\r\n<div class=\"line-vr-section\"><\/div>\r\n\r\n\t\t\t\t<\/div>\n\t\t\t\t<\/div>\n\t\t\t\t<div class=\"elementor-element elementor-element-e6754d9 elementor-align-left elementor-widget elementor-widget-bdevs-portfolio-home\" data-id=\"e6754d9\" data-element_type=\"widget\" data-e-type=\"widget\" data-widget_type=\"bdevs-portfolio-home.default\">\n\t\t\t\t<div class=\"elementor-widget-container\">\n\t\t\t\t\t<section class=\"portfolio-home section-padding\">\r\n    <div class=\"container\">\r\n        <div class=\"row\">\r\n            <div class=\"col-md-12 text-center mb-20\">\r\n                <div class=\"section-subtitle\">Un aper\u00e7u de nos r\u00e9alisations<\/div>\r\n                <div class=\"section-title \">Nos r\u00e9alisations<\/div>\r\n            <\/div>\r\n        <\/div>\r\n        <div class=\"portfolio-home-carousel owl-theme owl-carousel\">\r\n        \t\t            <div class=\"item\">\r\n\t                <div class=\"img\"> <img decoding=\"async\" src=\"https:\/\/emmwp.com\/wp-content\/uploads\/2026\/03\/Amaluna.jpg\" alt=\"\"> <\/div>\r\n\t                <div class=\"con opacity-1\">\r\n\t                \t<a href=\"https:\/\/emmwp.com\/fr\/portfolio\/amaluna\/\">\r\n\t\t                    <div class=\"title\">\r\n\t\t                        <h6><span class=\"et-layers\"><\/span> Shows<\/h6>\r\n\t\t                        <h3>Amaluna<\/h3>\r\n\t\t                    <\/div>\r\n\t                    <\/a>\r\n\t                    <div class=\"icon\">\r\n\t                        <a href=\"https:\/\/emmwp.com\/fr\/portfolio\/amaluna\/\" class=\"arrow\"> <i class=\"ti-arrow-top-right\"><\/i> <\/a>\r\n\t                    <\/div>\r\n\t                <\/div>\r\n\t            <\/div>\r\n            \t            <div class=\"item\">\r\n\t                <div class=\"img\"> <img decoding=\"async\" src=\"https:\/\/emmwp.com\/wp-content\/uploads\/2026\/03\/corteo.jpg\" alt=\"\"> <\/div>\r\n\t                <div class=\"con opacity-1\">\r\n\t                \t<a href=\"https:\/\/emmwp.com\/fr\/portfolio\/corteo\/\">\r\n\t\t                    <div class=\"title\">\r\n\t\t                        <h6><span class=\"et-layers\"><\/span> Shows<\/h6>\r\n\t\t                        <h3>Corteo<\/h3>\r\n\t\t                    <\/div>\r\n\t                    <\/a>\r\n\t                    <div class=\"icon\">\r\n\t                        <a href=\"https:\/\/emmwp.com\/fr\/portfolio\/corteo\/\" class=\"arrow\"> <i class=\"ti-arrow-top-right\"><\/i> <\/a>\r\n\t                    <\/div>\r\n\t                <\/div>\r\n\t            <\/div>\r\n            \t            <div class=\"item\">\r\n\t                <div class=\"img\"> <img decoding=\"async\" src=\"https:\/\/emmwp.com\/wp-content\/uploads\/2026\/03\/cirque-ovo-heaader.jpg\" alt=\"\"> <\/div>\r\n\t                <div class=\"con opacity-1\">\r\n\t                \t<a href=\"https:\/\/emmwp.com\/fr\/portfolio\/ovo\/\">\r\n\t\t                    <div class=\"title\">\r\n\t\t                        <h6><span class=\"et-layers\"><\/span> Shows<\/h6>\r\n\t\t                        <h3>Ovo<\/h3>\r\n\t\t                    <\/div>\r\n\t                    <\/a>\r\n\t                    <div class=\"icon\">\r\n\t                        <a href=\"https:\/\/emmwp.com\/fr\/portfolio\/ovo\/\" class=\"arrow\"> <i class=\"ti-arrow-top-right\"><\/i> <\/a>\r\n\t                    <\/div>\r\n\t                <\/div>\r\n\t            <\/div>\r\n            \t            <div class=\"item\">\r\n\t                <div class=\"img\"> <img decoding=\"async\" src=\"https:\/\/emmwp.com\/wp-content\/uploads\/2026\/03\/image.jpg\" alt=\"\"> <\/div>\r\n\t                <div class=\"con opacity-1\">\r\n\t                \t<a href=\"https:\/\/emmwp.com\/fr\/portfolio\/kooza\/\">\r\n\t\t                    <div class=\"title\">\r\n\t\t                        <h6><span class=\"et-layers\"><\/span> Shows<\/h6>\r\n\t\t                        <h3>Kooza<\/h3>\r\n\t\t                    <\/div>\r\n\t                    <\/a>\r\n\t                    <div class=\"icon\">\r\n\t                        <a href=\"https:\/\/emmwp.com\/fr\/portfolio\/kooza\/\" class=\"arrow\"> <i class=\"ti-arrow-top-right\"><\/i> <\/a>\r\n\t                    <\/div>\r\n\t                <\/div>\r\n\t            <\/div>\r\n            \t            <div class=\"item\">\r\n\t                <div class=\"img\"> <img decoding=\"async\" src=\"https:\/\/emmwp.com\/wp-content\/uploads\/2026\/03\/SLAVAS_1920x1080.png\" alt=\"\"> <\/div>\r\n\t                <div class=\"con opacity-1\">\r\n\t                \t<a href=\"https:\/\/emmwp.com\/fr\/portfolio\/slava-snowshow-2017\/\">\r\n\t\t                    <div class=\"title\">\r\n\t\t                        <h6><span class=\"et-layers\"><\/span> Shows<\/h6>\r\n\t\t                        <h3>Slava Snowshow<\/h3>\r\n\t\t                    <\/div>\r\n\t                    <\/a>\r\n\t                    <div class=\"icon\">\r\n\t                        <a href=\"https:\/\/emmwp.com\/fr\/portfolio\/slava-snowshow-2017\/\" class=\"arrow\"> <i class=\"ti-arrow-top-right\"><\/i> <\/a>\r\n\t                    <\/div>\r\n\t                <\/div>\r\n\t            <\/div>\r\n            \t            <div class=\"item\">\r\n\t                <div class=\"img\"> <img decoding=\"async\" src=\"https:\/\/emmwp.com\/wp-content\/uploads\/2026\/03\/a0W7Q000005JZisUAG_original.webp\" alt=\"\"> <\/div>\r\n\t                <div class=\"con opacity-1\">\r\n\t                \t<a href=\"https:\/\/emmwp.com\/fr\/portfolio\/notre-dame-de-paris-2015\/\">\r\n\t\t                    <div class=\"title\">\r\n\t\t                        <h6><span class=\"et-layers\"><\/span> Shows<\/h6>\r\n\t\t                        <h3>Notre Dame de Paris<\/h3>\r\n\t\t                    <\/div>\r\n\t                    <\/a>\r\n\t                    <div class=\"icon\">\r\n\t                        <a href=\"https:\/\/emmwp.com\/fr\/portfolio\/notre-dame-de-paris-2015\/\" class=\"arrow\"> <i class=\"ti-arrow-top-right\"><\/i> <\/a>\r\n\t                    <\/div>\r\n\t                <\/div>\r\n\t            <\/div>\r\n            \t            <div class=\"item\">\r\n\t                <div class=\"img\"> <img decoding=\"async\" src=\"https:\/\/emmwp.com\/wp-content\/uploads\/2026\/03\/hq720.jpg\" alt=\"\"> <\/div>\r\n\t                <div class=\"con opacity-1\">\r\n\t                \t<a href=\"https:\/\/emmwp.com\/fr\/portfolio\/crazy-horse-de-paris\/\">\r\n\t\t                    <div class=\"title\">\r\n\t\t                        <h6><span class=\"et-layers\"><\/span> Shows<\/h6>\r\n\t\t                        <h3>Crazy Horse de Paris<\/h3>\r\n\t\t                    <\/div>\r\n\t                    <\/a>\r\n\t                    <div class=\"icon\">\r\n\t                        <a href=\"https:\/\/emmwp.com\/fr\/portfolio\/crazy-horse-de-paris\/\" class=\"arrow\"> <i class=\"ti-arrow-top-right\"><\/i> <\/a>\r\n\t                    <\/div>\r\n\t                <\/div>\r\n\t            <\/div>\r\n            \t            <div class=\"item\">\r\n\t                <div class=\"img\"> <img decoding=\"async\" src=\"https:\/\/emmwp.com\/wp-content\/uploads\/2026\/03\/GTC029581-Cirque-du-Soleil-Varekai-Penticton-BC-Venue-Website-soec.ca-Home-Page-Event-Graphic-593x335-pixels-Opens-Version_1.jpg\" alt=\"\"> <\/div>\r\n\t                <div class=\"con opacity-1\">\r\n\t                \t<a href=\"https:\/\/emmwp.com\/fr\/portfolio\/cirque-du-soleil-varekai\/\">\r\n\t\t                    <div class=\"title\">\r\n\t\t                        <h6><span class=\"et-layers\"><\/span> Shows<\/h6>\r\n\t\t                        <h3>Varekai<\/h3>\r\n\t\t                    <\/div>\r\n\t                    <\/a>\r\n\t                    <div class=\"icon\">\r\n\t                        <a href=\"https:\/\/emmwp.com\/fr\/portfolio\/cirque-du-soleil-varekai\/\" class=\"arrow\"> <i class=\"ti-arrow-top-right\"><\/i> <\/a>\r\n\t                    <\/div>\r\n\t                <\/div>\r\n\t            <\/div>\r\n            \t            <div class=\"item\">\r\n\t                <div class=\"img\"> <img decoding=\"async\" src=\"https:\/\/emmwp.com\/wp-content\/uploads\/2026\/03\/Sp-Cirque-De-Soleil-Dralion-Directors-1080p30.jpg\" alt=\"\"> <\/div>\r\n\t                <div class=\"con opacity-1\">\r\n\t                \t<a href=\"https:\/\/emmwp.com\/fr\/portfolio\/cirque-du-soleil-dralion\/\">\r\n\t\t                    <div class=\"title\">\r\n\t\t                        <h6><span class=\"et-layers\"><\/span> Shows<\/h6>\r\n\t\t                        <h3>Dralion<\/h3>\r\n\t\t                    <\/div>\r\n\t                    <\/a>\r\n\t                    <div class=\"icon\">\r\n\t                        <a href=\"https:\/\/emmwp.com\/fr\/portfolio\/cirque-du-soleil-dralion\/\" class=\"arrow\"> <i class=\"ti-arrow-top-right\"><\/i> <\/a>\r\n\t                    <\/div>\r\n\t                <\/div>\r\n\t            <\/div>\r\n            \t            <div class=\"item\">\r\n\t                <div class=\"img\"> <img decoding=\"async\" src=\"https:\/\/emmwp.com\/wp-content\/uploads\/2026\/03\/64fb0e195d9476e4f7fd0610.webp\" alt=\"\"> <\/div>\r\n\t                <div class=\"con opacity-1\">\r\n\t                \t<a href=\"https:\/\/emmwp.com\/fr\/portfolio\/cirque-du-soleil-bazzar-2019\/\">\r\n\t\t                    <div class=\"title\">\r\n\t\t                        <h6><span class=\"et-layers\"><\/span> Shows<\/h6>\r\n\t\t                        <h3>Bazzar<\/h3>\r\n\t\t                    <\/div>\r\n\t                    <\/a>\r\n\t                    <div class=\"icon\">\r\n\t                        <a href=\"https:\/\/emmwp.com\/fr\/portfolio\/cirque-du-soleil-bazzar-2019\/\" class=\"arrow\"> <i class=\"ti-arrow-top-right\"><\/i> <\/a>\r\n\t                    <\/div>\r\n\t                <\/div>\r\n\t            <\/div>\r\n                    <\/div>\r\n    <\/div>\r\n<\/section>\r\n<div class=\"line-vr-section\"><\/div>\r\n\r\n\t\t\t\t<\/div>\n\t\t\t\t<\/div>\n\t\t\t\t\t<\/div>\n\t\t<\/div>\n\t\t\t\t\t<\/div>\n\t\t<\/section>\n\t\t\t\t<section class=\"elementor-section elementor-top-section elementor-element elementor-element-5517f7e elementor-section-full_width elementor-section-height-default elementor-section-height-default\" data-id=\"5517f7e\" data-element_type=\"section\" data-e-type=\"section\">\n\t\t\t\t\t\t<div class=\"elementor-container elementor-column-gap-no\">\n\t\t\t\t\t<div class=\"elementor-column elementor-col-100 elementor-top-column elementor-element elementor-element-c3432a0\" data-id=\"c3432a0\" data-element_type=\"column\" data-e-type=\"column\">\n\t\t\t<div class=\"elementor-widget-wrap elementor-element-populated\">\n\t\t\t\t\t\t<div class=\"elementor-element elementor-element-44f35b4 elementor-align-left elementor-widget elementor-widget-bdevs-client-home\" data-id=\"44f35b4\" data-element_type=\"widget\" data-e-type=\"widget\" data-widget_type=\"bdevs-client-home.default\">\n\t\t\t\t<div class=\"elementor-widget-container\">\n\t\t\t\t\t<div class=\"clients\">\r\n    <div class=\"container\">\r\n        <div class=\"row wrap\">\r\n            <div class=\"col-md-12\">\r\n                <div class=\"owl-carousel owl-theme feather-shadow\">\r\n                \t\t                    <div class=\"item\">\r\n\t                        <a href=\"\"><img decoding=\"async\" src=\"https:\/\/emmwp.com\/wp-content\/uploads\/2026\/03\/merci-.png\" alt=\"\"><\/a>\r\n\t                    <\/div>\r\n                    \t                    <div class=\"item\">\r\n\t                        <a href=\"https:\/\/www.wbd.com\/\"><img decoding=\"async\" src=\"https:\/\/emmwp.com\/wp-content\/uploads\/2026\/03\/WB-Horizontal.jpg\" alt=\"\"><\/a>\r\n\t                    <\/div>\r\n                    \t                    <div class=\"item\">\r\n\t                        <a href=\"https:\/\/feverup.com\/en?srsltid=AfmBOooYbwz9qYI1ilHwE90IooExGKtaBn7C1QkduQCHKrF-PufBv1bO\"><img decoding=\"async\" src=\"https:\/\/emmwp.com\/wp-content\/uploads\/2026\/03\/Fever-up-.jpg\" alt=\"\"><\/a>\r\n\t                    <\/div>\r\n                    \t                    <div class=\"item\">\r\n\t                        <a href=\"\"><img decoding=\"async\" src=\"https:\/\/emmwp.com\/wp-content\/uploads\/2026\/03\/merci-.png\" alt=\"\"><\/a>\r\n\t                    <\/div>\r\n                    \t                    <div class=\"item\">\r\n\t                        <a href=\"\"><img decoding=\"async\" src=\"https:\/\/emmwp.com\/wp-content\/uploads\/2026\/03\/disney.jpg\" alt=\"\"><\/a>\r\n\t                    <\/div>\r\n                    \t                    <div class=\"item\">\r\n\t                        <a href=\"https:\/\/lightstorm.vision\/\"><img decoding=\"async\" src=\"https:\/\/emmwp.com\/wp-content\/uploads\/2026\/03\/Lighstorm-.jpg\" alt=\"\"><\/a>\r\n\t                    <\/div>\r\n                    \t                    <div class=\"item\">\r\n\t                        <a href=\"\"><img decoding=\"async\" src=\"https:\/\/emmwp.com\/wp-content\/uploads\/2026\/03\/Cirque-du-Soleil-1-1.png\" alt=\"\"><\/a>\r\n\t                    <\/div>\r\n                    \t                    <div class=\"item\">\r\n\t                        <a href=\"\"><img decoding=\"async\" src=\"https:\/\/emmwp.com\/wp-content\/uploads\/2026\/03\/merci-.png\" alt=\"\"><\/a>\r\n\t                    <\/div>\r\n                    \t                    <div class=\"item\">\r\n\t                        <a href=\"https:\/\/www.neonglobal.com\/en\/\"><img decoding=\"async\" src=\"https:\/\/emmwp.com\/wp-content\/uploads\/2026\/03\/neon.jpg\" alt=\"\"><\/a>\r\n\t                    <\/div>\r\n                    \t                    <div class=\"item\">\r\n\t                        <a href=\"https:\/\/www.livenation.com\/\"><img decoding=\"async\" src=\"https:\/\/emmwp.com\/wp-content\/uploads\/2026\/03\/Live-nation.jpg\" alt=\"\"><\/a>\r\n\t                    <\/div>\r\n                    \t                    <div class=\"item\">\r\n\t                        <a href=\"https:\/\/solicet.com\/\"><img decoding=\"async\" src=\"https:\/\/emmwp.com\/wp-content\/uploads\/2026\/03\/Solicet.jpg\" alt=\"\"><\/a>\r\n\t                    <\/div>\r\n                                    <\/div>\r\n            <\/div>\r\n        <\/div>\r\n    <\/div>\r\n<\/div>\r\n\r\n\t\t\t\t<\/div>\n\t\t\t\t<\/div>\n\t\t\t\t\t<\/div>\n\t\t<\/div>\n\t\t\t\t\t<\/div>\n\t\t<\/section>\n\t\t\t\t<\/div>\n\t\t","protected":false},"excerpt":{"rendered":"<p>Au-del\u00e0 des \u00e9v\u00e9nementsNous cr\u00e9ons des exp\u00e9riences Fond\u00e9e en 2003, EMM Williams Productions est une entreprise de divertissement d\u2019envergure internationale bas\u00e9e \u00e0 Montr\u00e9al, sp\u00e9cialis\u00e9e dans les spectacles en direct, les exp\u00e9riences immersives, les productions en tourn\u00e9e internationale et les \u00e9v\u00e9nements sp\u00e9ciaux de grande envergure. Nous concevons des exp\u00e9riences que le public emporte avec lui bien apr\u00e8s [&hellip;]<\/p>\n","protected":false},"author":1,"featured_media":0,"parent":0,"menu_order":0,"comment_status":"closed","ping_status":"closed","template":"page-templates\/home.php","meta":{"inline_featured_image":false,"_monsterinsights_skip_tracking":false,"_monsterinsights_sitenote_active":false,"_monsterinsights_sitenote_note":"","_monsterinsights_sitenote_category":0,"footnotes":""},"class_list":["post-4083","page","type-page","status-publish","hentry"],"aioseo_notices":[],"_links":{"self":[{"href":"https:\/\/emmwp.com\/fr\/wp-json\/wp\/v2\/pages\/4083","targetHints":{"allow":["GET"]}}],"collection":[{"href":"https:\/\/emmwp.com\/fr\/wp-json\/wp\/v2\/pages"}],"about":[{"href":"https:\/\/emmwp.com\/fr\/wp-json\/wp\/v2\/types\/page"}],"author":[{"embeddable":true,"href":"https:\/\/emmwp.com\/fr\/wp-json\/wp\/v2\/users\/1"}],"replies":[{"embeddable":true,"href":"https:\/\/emmwp.com\/fr\/wp-json\/wp\/v2\/comments?post=4083"}],"version-history":[{"count":23,"href":"https:\/\/emmwp.com\/fr\/wp-json\/wp\/v2\/pages\/4083\/revisions"}],"predecessor-version":[{"id":4292,"href":"https:\/\/emmwp.com\/fr\/wp-json\/wp\/v2\/pages\/4083\/revisions\/4292"}],"wp:attachment":[{"href":"https:\/\/emmwp.com\/fr\/wp-json\/wp\/v2\/media?parent=4083"}],"curies":[{"name":"wp","href":"https:\/\/api.w.org\/{rel}","templated":true}]}}