{"id":4097,"date":"2025-05-21T08:48:10","date_gmt":"2025-05-21T08:48:10","guid":{"rendered":"https:\/\/emmwp.com\/?page_id=4097"},"modified":"2026-03-27T22:16:17","modified_gmt":"2026-03-27T22:16:17","slug":"contact","status":"publish","type":"page","link":"https:\/\/emmwp.com\/fr\/contact\/","title":{"rendered":"Contact"},"content":{"rendered":"\t\t<div data-elementor-type=\"wp-page\" data-elementor-id=\"4097\" class=\"elementor elementor-4097 elementor-623\">\n\t\t\t\t\t\t<section class=\"elementor-section elementor-top-section elementor-element elementor-element-b16d50d elementor-section-full_width elementor-section-height-default elementor-section-height-default\" data-id=\"b16d50d\" data-element_type=\"section\" data-e-type=\"section\">\n\t\t\t\t\t\t<div class=\"elementor-container elementor-column-gap-no\">\n\t\t\t\t\t<div class=\"elementor-column elementor-col-100 elementor-top-column elementor-element elementor-element-ef5c911\" data-id=\"ef5c911\" data-element_type=\"column\" data-e-type=\"column\">\n\t\t\t<div class=\"elementor-widget-wrap elementor-element-populated\">\n\t\t\t\t\t\t<div class=\"elementor-element elementor-element-cd9a00f elementor-align-left elementor-widget elementor-widget-bdevs-banner-contact\" data-id=\"cd9a00f\" data-element_type=\"widget\" data-e-type=\"widget\" data-widget_type=\"bdevs-banner-contact.default\">\n\t\t\t\t<div class=\"elementor-widget-container\">\n\t\t\t\t\t<section class=\"banner-header middle-height section-padding bg-img\" data-overlay-dark=\"5\" style=\"background-image: url(https:\/\/emmwp.com\/wp-content\/uploads\/2025\/05\/people-having-fun-wedding-hall-scaled.jpg);\">\r\n    <div class=\"v-middle\">\r\n        <div class=\"container\">\r\n            <div class=\"row\">\r\n                <div class=\"col-md-12 text-center mt-30\">\r\n                    <h6>Retrouvez-nous ici<\/h6>\r\n                    <h1>Bas\u00e9 \u00e0 Montr\u00e9al. De port\u00e9e mondiale. <\/h1>\r\n                <\/div>\r\n            <\/div>\r\n        <\/div>\r\n    <\/div>\r\n<\/section>\r\n\t\t\t\t<\/div>\n\t\t\t\t<\/div>\n\t\t\t\t\t<\/div>\n\t\t<\/div>\n\t\t\t\t\t<\/div>\n\t\t<\/section>\n\t\t\t\t<section class=\"elementor-section elementor-top-section elementor-element elementor-element-cf74af5 elementor-section-full_width elementor-section-height-default elementor-section-height-default\" data-id=\"cf74af5\" data-element_type=\"section\" data-e-type=\"section\">\n\t\t\t\t\t\t<div class=\"elementor-container elementor-column-gap-no\">\n\t\t\t\t\t<div class=\"elementor-column elementor-col-100 elementor-top-column elementor-element elementor-element-8301b15\" data-id=\"8301b15\" data-element_type=\"column\" data-e-type=\"column\">\n\t\t\t<div class=\"elementor-widget-wrap elementor-element-populated\">\n\t\t\t\t\t\t<div class=\"elementor-element elementor-element-f106c83 elementor-widget__width-initial elementor-widget elementor-widget-html\" data-id=\"f106c83\" data-element_type=\"widget\" data-e-type=\"widget\" data-widget_type=\"html.default\">\n\t\t\t\t\t<div class=\"contact-clean\">\n   <a href=\"mailto:info@emmwp.com\" class=\"contact-link\">\n    <i class=\"fa-solid fa-envelope\"><\/i> info@emmwp.com\n  <\/a>\n<br>\n  <a href=\"https:\/\/www.google.com\/maps?q=800+Rue+De+la+Gaucheti%C3%A8re+O,+Montr%C3%A9al\" target=\"_blank\" class=\"contact-link\">\n    <i class=\"fa-solid fa-location-dot\"><\/i> 800 Rue De la Gaucheti\u00e8re O, Montr\u00e9al\n  <\/a> \n<\/div>\t\t\t\t<\/div>\n\t\t\t\t<div class=\"elementor-element elementor-element-9bc6594 elementor-widget elementor-widget-html\" data-id=\"9bc6594\" data-element_type=\"widget\" data-e-type=\"widget\" data-widget_type=\"html.default\">\n\t\t\t\t\t<div class=\"map-wrap reveal-map\">\n  <iframe src=\"https:\/\/www.google.com\/maps\/embed?pb=!1m18!1m12!1m3!1d1398.2639727899061!2d-73.5650254!3d45.499449899999995!2m3!1f0!2f0!3f0!3m2!1i1024!2i768!4f13.1!3m3!1m2!1s0x4cc91a5c924a3163%3A0x4473851397b509b1!2s800%20Rue%20De%20la%20Gaucheti%C3%A8re%20O%2C%20Montr%C3%A9al%2C%20QC%20H2Z%201Y2!5e0!3m2!1sen!2sca!4v1774056531406!5m2!1sen!2sca\" width=\"100%\" height=\"560\" style=\"border:0;\" allowfullscreen=\"\" loading=\"lazy\">\n  <\/iframe>\n<\/div>\t\t\t\t<\/div>\n\t\t\t\t<div class=\"elementor-element elementor-element-89ce437 elementor-widget elementor-widget-html\" data-id=\"89ce437\" data-element_type=\"widget\" data-e-type=\"widget\" data-widget_type=\"html.default\">\n\t\t\t\t\t<script>document.addEventListener('DOMContentLoaded', function () {\n  const items = document.querySelectorAll('.reveal-map');\n\n  const observer = new IntersectionObserver((entries) => {\n    entries.forEach((entry) => {\n      if (entry.isIntersecting) {\n        entry.target.classList.add('is-visible');\n      }\n    });\n  }, { threshold: 0.18 });\n\n  items.forEach((item) => observer.observe(item));\n});\n<\/script>\t\t\t\t<\/div>\n\t\t\t\t\t<\/div>\n\t\t<\/div>\n\t\t\t\t\t<\/div>\n\t\t<\/section>\n\t\t\t\t<\/div>\n\t\t","protected":false},"excerpt":{"rendered":"<p>Retrouvez-nous ici Bas\u00e9 \u00e0 Montr\u00e9al. De port\u00e9e mondiale. info@emmwp.com 800 Rue De la Gaucheti\u00e8re O, Montr\u00e9al<\/p>\n","protected":false},"author":1,"featured_media":0,"parent":0,"menu_order":0,"comment_status":"closed","ping_status":"closed","template":"page-templates\/home.php","meta":{"inline_featured_image":false,"_monsterinsights_skip_tracking":false,"_monsterinsights_sitenote_active":false,"_monsterinsights_sitenote_note":"","_monsterinsights_sitenote_category":0,"footnotes":""},"class_list":["post-4097","page","type-page","status-publish","hentry"],"aioseo_notices":[],"_links":{"self":[{"href":"https:\/\/emmwp.com\/fr\/wp-json\/wp\/v2\/pages\/4097","targetHints":{"allow":["GET"]}}],"collection":[{"href":"https:\/\/emmwp.com\/fr\/wp-json\/wp\/v2\/pages"}],"about":[{"href":"https:\/\/emmwp.com\/fr\/wp-json\/wp\/v2\/types\/page"}],"author":[{"embeddable":true,"href":"https:\/\/emmwp.com\/fr\/wp-json\/wp\/v2\/users\/1"}],"replies":[{"embeddable":true,"href":"https:\/\/emmwp.com\/fr\/wp-json\/wp\/v2\/comments?post=4097"}],"version-history":[{"count":1,"href":"https:\/\/emmwp.com\/fr\/wp-json\/wp\/v2\/pages\/4097\/revisions"}],"predecessor-version":[{"id":4098,"href":"https:\/\/emmwp.com\/fr\/wp-json\/wp\/v2\/pages\/4097\/revisions\/4098"}],"wp:attachment":[{"href":"https:\/\/emmwp.com\/fr\/wp-json\/wp\/v2\/media?parent=4097"}],"curies":[{"name":"wp","href":"https:\/\/api.w.org\/{rel}","templated":true}]}}