{"id":4101,"date":"2025-05-21T07:15:31","date_gmt":"2025-05-21T07:15:31","guid":{"rendered":"https:\/\/emmwp.com\/?page_id=4101"},"modified":"2026-03-30T00:52:05","modified_gmt":"2026-03-30T00:52:05","slug":"productions","status":"publish","type":"page","link":"https:\/\/emmwp.com\/fr\/productions\/","title":{"rendered":"Productions"},"content":{"rendered":"\t\t<div data-elementor-type=\"wp-page\" data-elementor-id=\"4101\" class=\"elementor elementor-4101 elementor-559\">\n\t\t\t\t\t\t<section class=\"elementor-section elementor-top-section elementor-element elementor-element-8f864f1 elementor-section-full_width elementor-section-height-default elementor-section-height-default\" data-id=\"8f864f1\" data-element_type=\"section\" data-e-type=\"section\">\n\t\t\t\t\t\t<div class=\"elementor-container elementor-column-gap-no\">\n\t\t\t\t\t<div class=\"elementor-column elementor-col-100 elementor-top-column elementor-element elementor-element-a7b9556\" data-id=\"a7b9556\" data-element_type=\"column\" data-e-type=\"column\">\n\t\t\t<div class=\"elementor-widget-wrap elementor-element-populated\">\n\t\t\t\t\t\t<div class=\"elementor-element elementor-element-0493cf7 elementor-align-left elementor-widget elementor-widget-bdevs-banner-type\" data-id=\"0493cf7\" data-element_type=\"widget\" data-e-type=\"widget\" data-widget_type=\"bdevs-banner-type.default\">\n\t\t\t\t<div class=\"elementor-widget-container\">\n\t\t\t\t\t<section class=\"banner-header section-padding bg-img\" data-overlay-dark=\"5\" style=\"background-image: url(https:\/\/emmwp.com\/wp-content\/uploads\/2026\/03\/Screenshot-2026-03-20-at-10.14.58-pm-scaled.png);\">\r\n    <div class=\"v-middle\">\r\n        <div class=\"container\">\r\n            <div class=\"row\">\r\n                <div class=\"col-md-12 text-center mt-30\">\r\n                    <h6>En pr\u00e9paration<\/h6>\r\n                    <h1>ce qui prend doucement forme<\/h1>\r\n                <\/div>\r\n            <\/div>\r\n        <\/div>\r\n    <\/div>\r\n<\/section>\r\n\t\t\t\t<\/div>\n\t\t\t\t<\/div>\n\t\t\t\t\t<\/div>\n\t\t<\/div>\n\t\t\t\t\t<\/div>\n\t\t<\/section>\n\t\t\t\t<section class=\"elementor-section elementor-top-section elementor-element elementor-element-d61d8c8 elementor-section-full_width elementor-section-content-middle elementor-section-height-default elementor-section-height-default\" data-id=\"d61d8c8\" data-element_type=\"section\" data-e-type=\"section\">\n\t\t\t\t\t\t<div class=\"elementor-container elementor-column-gap-default\">\n\t\t\t\t\t<div class=\"elementor-column elementor-col-100 elementor-top-column elementor-element elementor-element-2deca61\" data-id=\"2deca61\" data-element_type=\"column\" data-e-type=\"column\" data-settings=\"{&quot;background_background&quot;:&quot;slideshow&quot;,&quot;background_slideshow_gallery&quot;:[],&quot;background_slideshow_loop&quot;:&quot;yes&quot;,&quot;background_slideshow_slide_duration&quot;:5000,&quot;background_slideshow_slide_transition&quot;:&quot;fade&quot;,&quot;background_slideshow_transition_duration&quot;:500}\">\n\t\t\t<div class=\"elementor-widget-wrap elementor-element-populated\">\n\t\t\t\t\t\t<div class=\"elementor-element elementor-element-0eca6fb elementor-widget__width-initial elementor-widget-mobile__width-initial elementor-align-left elementor-widget elementor-widget-bdevs-section-about\" data-id=\"0eca6fb\" data-element_type=\"widget\" data-e-type=\"widget\" data-widget_type=\"bdevs-section-about.default\">\n\t\t\t\t<div class=\"elementor-widget-container\">\n\t\t\t\t\t<section class=\"about section-padding\">\r\n    <div class=\"container\">\r\n        <div class=\"row\">\r\n            <div class=\"col-lg-6 col-md-12 mb-30\">\r\n                <div class=\"img2\"> <img decoding=\"async\" src=\"https:\/\/emmwp.com\/wp-content\/uploads\/2026\/03\/Magic-Walk--scaled.png\" alt=\"\">\r\n                    <div class=\"text\">\r\n                        <h6>En pr\u00e9paration<\/h6>\r\n                        <div class=\"shap-left-bottom\">\r\n                            <svg viewBox=\"0 0 11 11\" fill=\"none\" xmlns=\"http:\/\/www.w3.org\/2000\/svg\" class=\"w-11 h-11\">\r\n                                <path d=\"M11 1.54972e-06L0 0L2.38419e-07 11C1.65973e-07 4.92487 4.92487 1.62217e-06 11 1.54972e-06Z\" fill=\"#ffffff\"><\/path>\r\n                            <\/svg>\r\n                        <\/div>\r\n                        <div class=\"shap-right-bottom\">\r\n                            <svg viewBox=\"0 0 11 11\" fill=\"none\" xmlns=\"http:\/\/www.w3.org\/2000\/svg\" class=\"w-11 h-11\">\r\n                                <path d=\"M11 1.54972e-06L0 0L2.38419e-07 11C1.65973e-07 4.92487 4.92487 1.62217e-06 11 1.54972e-06Z\" fill=\"#ffffff\"><\/path>\r\n                            <\/svg>\r\n                        <\/div>\r\n                    <\/div>\r\n                <\/div>\r\n            <\/div>\r\n            <div class=\"col-lg-5 offset-lg-1 col-md-12\">\r\n                <div class=\"content\">\r\n                    <div class=\"section-subtitle\"><\/div>\r\n                    <div class=\"section-title\"><span>MAGIC WALK<\/span><\/div>\r\n                    <p><div style=\"max-width:950px;margin:0 auto;text-align:justify;line-height:0.9\">\n\n<p>Magic Walk est un parcours immersif et interactif situ\u00e9 dans un monde mythique o\u00f9 les visiteurs sont guid\u00e9s \u00e0 travers une exp\u00e9rience transformatrice ancr\u00e9e dans la nature, l'imagination et la d\u00e9couverte. MAGIC WALK invite le public \u00e0 participer \u00e0 une mission collective centr\u00e9e sur la connexion, l'unit\u00e9 et la pr\u00e9servation d'une force sup\u00e9rieure.\n<\/div>\n<\/p>\r\n                    <ul class=\"list-unstyled list mb-30\">\r\n                    \t\t                        <li>\r\n\t                            <div class=\"list-icon\"> <span class=\"ti-check\"><\/span> <\/div>\r\n\t                            <div class=\"list-text\">\r\n\t                                <p><strong>\u00c0 SUIVRE<\/strong><\/p>\r\n\t                            <\/div>\r\n\t                        <\/li>\r\n                                            <\/ul>\r\n                <\/div>\r\n            <\/div>\r\n        <\/div>\r\n    <\/div>\r\n<\/section>\r\n\t\t\t\t<\/div>\n\t\t\t\t<\/div>\n\t\t\t\t\t<\/div>\n\t\t<\/div>\n\t\t\t\t\t<\/div>\n\t\t<\/section>\n\t\t\t\t<section class=\"elementor-section elementor-top-section elementor-element elementor-element-b81b2d7 elementor-section-full_width elementor-section-height-default elementor-section-height-default\" data-id=\"b81b2d7\" data-element_type=\"section\" data-e-type=\"section\">\n\t\t\t\t\t\t<div class=\"elementor-container elementor-column-gap-no\">\n\t\t\t\t\t<div class=\"elementor-column elementor-col-100 elementor-top-column elementor-element elementor-element-85c5cf7\" data-id=\"85c5cf7\" data-element_type=\"column\" data-e-type=\"column\">\n\t\t\t<div class=\"elementor-widget-wrap elementor-element-populated\">\n\t\t\t\t\t\t<div class=\"elementor-element elementor-element-3e08467 elementor-align-left elementor-widget elementor-widget-bdevs-client-home\" data-id=\"3e08467\" data-element_type=\"widget\" data-e-type=\"widget\" data-widget_type=\"bdevs-client-home.default\">\n\t\t\t\t<div class=\"elementor-widget-container\">\n\t\t\t\t\t<div class=\"clients\">\r\n    <div class=\"container\">\r\n        <div class=\"row wrap\">\r\n            <div class=\"col-md-12\">\r\n                <div class=\"owl-carousel owl-theme feather-shadow\">\r\n                \t\t                    <div class=\"item\">\r\n\t                        <a href=\"\"><img decoding=\"async\" src=\"https:\/\/emmwp.com\/wp-content\/uploads\/2026\/03\/Thank-you-1.png\" alt=\"\"><\/a>\r\n\t                    <\/div>\r\n                    \t                    <div class=\"item\">\r\n\t                        <a href=\"https:\/\/www.wbd.com\/\"><img decoding=\"async\" src=\"https:\/\/emmwp.com\/wp-content\/uploads\/2026\/03\/WB-Horizontal.jpg\" alt=\"\"><\/a>\r\n\t                    <\/div>\r\n                    \t                    <div class=\"item\">\r\n\t                        <a href=\"https:\/\/www.neonglobal.com\/en\/\"><img decoding=\"async\" src=\"https:\/\/emmwp.com\/wp-content\/uploads\/2026\/03\/neon.jpg\" alt=\"\"><\/a>\r\n\t                    <\/div>\r\n                    \t                    <div class=\"item\">\r\n\t                        <a href=\"https:\/\/solicet.com\/\"><img decoding=\"async\" src=\"https:\/\/emmwp.com\/wp-content\/uploads\/2026\/03\/Solicet.jpg\" alt=\"\"><\/a>\r\n\t                    <\/div>\r\n                    \t                    <div class=\"item\">\r\n\t                        <a href=\"\"><img decoding=\"async\" src=\"https:\/\/emmwp.com\/wp-content\/uploads\/2026\/03\/Thank-you-1.png\" alt=\"\"><\/a>\r\n\t                    <\/div>\r\n                    \t                    <div class=\"item\">\r\n\t                        <a href=\"https:\/\/www.livenation.com\/\"><img decoding=\"async\" src=\"https:\/\/emmwp.com\/wp-content\/uploads\/2026\/03\/Live-nation.jpg\" alt=\"\"><\/a>\r\n\t                    <\/div>\r\n                    \t                    <div class=\"item\">\r\n\t                        <a href=\"\"><img decoding=\"async\" src=\"https:\/\/emmwp.com\/wp-content\/uploads\/2026\/03\/Fever-up-.jpg\" alt=\"\"><\/a>\r\n\t                    <\/div>\r\n                    \t                    <div class=\"item\">\r\n\t                        <a href=\"\"><img decoding=\"async\" src=\"https:\/\/emmwp.com\/wp-content\/uploads\/2026\/03\/Lighstorm-.jpg\" alt=\"\"><\/a>\r\n\t                    <\/div>\r\n                    \t                    <div class=\"item\">\r\n\t                        <a href=\"\"><img decoding=\"async\" src=\"https:\/\/emmwp.com\/wp-content\/uploads\/2026\/03\/disney.jpg\" alt=\"\"><\/a>\r\n\t                    <\/div>\r\n                                    <\/div>\r\n            <\/div>\r\n        <\/div>\r\n    <\/div>\r\n<\/div>\r\n\r\n\t\t\t\t<\/div>\n\t\t\t\t<\/div>\n\t\t\t\t\t<\/div>\n\t\t<\/div>\n\t\t\t\t\t<\/div>\n\t\t<\/section>\n\t\t\t\t<\/div>\n\t\t","protected":false},"excerpt":{"rendered":"<p>En pr\u00e9paration ce qui prend doucement forme En pr\u00e9paration MAGIC WALK Magic Walk est un parcours immersif et interactif situ\u00e9 dans un monde mythique o\u00f9 les visiteurs sont guid\u00e9s \u00e0 travers une exp\u00e9rience transformatrice ancr\u00e9e dans la nature, l&rsquo;imagination et la d\u00e9couverte. MAGIC WALK invite le public \u00e0 participer \u00e0 une mission collective centr\u00e9e sur [&hellip;]<\/p>\n","protected":false},"author":1,"featured_media":0,"parent":0,"menu_order":0,"comment_status":"closed","ping_status":"closed","template":"page-templates\/home.php","meta":{"inline_featured_image":false,"_monsterinsights_skip_tracking":false,"_monsterinsights_sitenote_active":false,"_monsterinsights_sitenote_note":"","_monsterinsights_sitenote_category":0,"footnotes":""},"class_list":["post-4101","page","type-page","status-publish","hentry"],"aioseo_notices":[],"_links":{"self":[{"href":"https:\/\/emmwp.com\/fr\/wp-json\/wp\/v2\/pages\/4101","targetHints":{"allow":["GET"]}}],"collection":[{"href":"https:\/\/emmwp.com\/fr\/wp-json\/wp\/v2\/pages"}],"about":[{"href":"https:\/\/emmwp.com\/fr\/wp-json\/wp\/v2\/types\/page"}],"author":[{"embeddable":true,"href":"https:\/\/emmwp.com\/fr\/wp-json\/wp\/v2\/users\/1"}],"replies":[{"embeddable":true,"href":"https:\/\/emmwp.com\/fr\/wp-json\/wp\/v2\/comments?post=4101"}],"version-history":[{"count":11,"href":"https:\/\/emmwp.com\/fr\/wp-json\/wp\/v2\/pages\/4101\/revisions"}],"predecessor-version":[{"id":4233,"href":"https:\/\/emmwp.com\/fr\/wp-json\/wp\/v2\/pages\/4101\/revisions\/4233"}],"wp:attachment":[{"href":"https:\/\/emmwp.com\/fr\/wp-json\/wp\/v2\/media?parent=4101"}],"curies":[{"name":"wp","href":"https:\/\/api.w.org\/{rel}","templated":true}]}}