{"id":4109,"date":"2025-05-21T03:28:26","date_gmt":"2025-05-21T03:28:26","guid":{"rendered":"https:\/\/emmwp.com\/?page_id=4109"},"modified":"2026-03-28T11:56:58","modified_gmt":"2026-03-28T11:56:58","slug":"spectacles","status":"publish","type":"page","link":"https:\/\/emmwp.com\/fr\/spectacles\/","title":{"rendered":"Spectacles"},"content":{"rendered":"\t\t<div data-elementor-type=\"wp-page\" data-elementor-id=\"4109\" class=\"elementor elementor-4109 elementor-513\">\n\t\t\t\t\t\t<section class=\"elementor-section elementor-top-section elementor-element elementor-element-4c4732b elementor-section-full_width elementor-section-height-default elementor-section-height-default\" data-id=\"4c4732b\" data-element_type=\"section\" data-e-type=\"section\">\n\t\t\t\t\t\t<div class=\"elementor-container elementor-column-gap-no\">\n\t\t\t\t\t<div class=\"elementor-column elementor-col-100 elementor-top-column elementor-element elementor-element-490fe31\" data-id=\"490fe31\" data-element_type=\"column\" data-e-type=\"column\">\n\t\t\t<div class=\"elementor-widget-wrap elementor-element-populated\">\n\t\t\t\t\t\t<div class=\"elementor-element elementor-element-adfcc3b elementor-align-left elementor-widget elementor-widget-bdevs-banner-type\" data-id=\"adfcc3b\" data-element_type=\"widget\" data-e-type=\"widget\" data-widget_type=\"bdevs-banner-type.default\">\n\t\t\t\t<div class=\"elementor-widget-container\">\n\t\t\t\t\t<section class=\"banner-header section-padding bg-img\" data-overlay-dark=\"3\" style=\"background-image: url(https:\/\/emmwp.com\/wp-content\/uploads\/2026\/03\/10.-The-Pensieve-1-1024x576-1.jpg);\">\r\n    <div class=\"v-middle\">\r\n        <div class=\"container\">\r\n            <div class=\"row\">\r\n                <div class=\"col-md-12 text-center mt-30\">\r\n                    <h6>Spectacles<\/h6>\r\n                    <h1>En cours<\/h1>\r\n                <\/div>\r\n            <\/div>\r\n        <\/div>\r\n    <\/div>\r\n<\/section>\r\n\t\t\t\t<\/div>\n\t\t\t\t<\/div>\n\t\t\t\t\t<\/div>\n\t\t<\/div>\n\t\t\t\t\t<\/div>\n\t\t<\/section>\n\t\t\t\t<section class=\"elementor-section elementor-top-section elementor-element elementor-element-731a828 elementor-section-full_width elementor-section-height-default elementor-section-height-default\" data-id=\"731a828\" data-element_type=\"section\" data-e-type=\"section\">\n\t\t\t\t\t\t<div class=\"elementor-container elementor-column-gap-default\">\n\t\t\t\t\t<div class=\"elementor-column elementor-col-100 elementor-top-column elementor-element elementor-element-383e667\" data-id=\"383e667\" data-element_type=\"column\" data-e-type=\"column\">\n\t\t\t<div class=\"elementor-widget-wrap elementor-element-populated\">\n\t\t\t\t\t\t<div class=\"elementor-element elementor-element-1c68072 elementor-widget__width-initial elementor-align-left elementor-widget elementor-widget-bdevs-about-home\" data-id=\"1c68072\" data-element_type=\"widget\" data-e-type=\"widget\" data-widget_type=\"bdevs-about-home.default\">\n\t\t\t\t<div class=\"elementor-widget-container\">\n\t\t\t\t\t<section class=\"about section-padding\">\r\n    <div class=\"container\">\r\n        <div class=\"row\">\r\n            <div class=\"col-lg-6 col-md-12\">\r\n                <div class=\"content\">\r\n                    <div class=\"section-subtitle\"><\/div>\r\n                    <div class=\"section-title\"><span>HARRY POTTER<\/span><br>VISIONS DE LA MAGIE<\/div>\r\n                    <p><div style=\"text-align: justify\">\nUne toute nouvelle exp\u00e9rience artistique interactive Une toute nouvelle exp\u00e9rience artistique interactive. Le voyage commence, embarquez ans un voyage transformateur \u00e0 travers certains des recoins les plus myst\u00e9rieux du monde des sorciers et illuminez vos propres et puissantes visions de la magie<br><br>\n<div class=\"info-line\">\n  \n  <strong>\n    <a href=\"https:\/\/www.google.com\/maps?q=800+Rue+De+la+Gaucheti%C3%A8re+O,+Montr%C3%A9al\" target=\"_blank\" class=\"info-link\">\n      <i class=\"fa-solid fa-location-dot\"><\/i>  Montr\u00e9al \u2013 Place Bonaventure\n    <\/a>\n  <\/strong>\n\n<\/div>\n\n<\/div><\/p>\r\n                    <h5 class=\"mb-30\"><\/h5> \r\n                    <a href=\"https:\/\/feverup.com\/m\/520835?cp_landing_source=harrypottervisionsofmagic&amp;utm_source=google&amp;utm_medium=sc_brand&amp;utm_campaign=520835_yul&amp;utm_content=796920187678&amp;utm_term=harry+potter+visions+of+magic_p&amp;gclid=Cj0KCQjw1ZjOBhCmARIsADDuFTDvk3z67WAkzmW1JTJ5W2jxQeylWx8lw8BcdKpHGHxWgsHR2vmi0CYaAvvjEALw_wcB\" class=\"bouton-2 mb-15\">Acheter vos billets<\/a>\r\n                    <div class=\"phone\"><a href=\"\"><i class=\"fa-light fa-phone\"><\/i><\/a><\/div>\r\n                <\/div>\r\n            <\/div>\r\n            <div class=\"col-lg-5 offset-lg-1 col-md-12 mt-30\">\r\n                <div class=\"item\"> <img decoding=\"async\" src=\"https:\/\/emmwp.com\/wp-content\/uploads\/2026\/03\/montreal-scaled.jpg\" class=\"img-fluid\" alt=\"\">\r\n                    <div class=\"bottom-fade\"><\/div>\r\n                    <div class=\"icon\"> <a href=\"https:\/\/www.youtube.com\/watch?v=NNsCSdQNvKQ\" class=\"vid arrow\"><span class=\"ti-control-play\"><\/span><\/a> <\/div>\r\n                    <div class=\"title\">\r\n                        <h4>Voir l'aper\u00e7u \u203a<\/h4>\r\n                    <\/div>\r\n                <\/div>\r\n            <\/div>\r\n        <\/div>\r\n    <\/div>\r\n<\/section>\r\n<div class=\"line-vr-section\"><\/div>\r\n\t\t\t\t<\/div>\n\t\t\t\t<\/div>\n\t\t\t\t<div class=\"elementor-element elementor-element-9467e17 elementor-align-left elementor-widget elementor-widget-bdevs-portfolio-home\" data-id=\"9467e17\" data-element_type=\"widget\" data-e-type=\"widget\" data-widget_type=\"bdevs-portfolio-home.default\">\n\t\t\t\t<div class=\"elementor-widget-container\">\n\t\t\t\t\t<section class=\"portfolio-home section-padding\">\r\n    <div class=\"container\">\r\n        <div class=\"row\">\r\n            <div class=\"col-md-12 text-center mb-20\">\r\n                <div class=\"section-subtitle\">Portfolio<\/div>\r\n                <div class=\"section-title \">\u0152uvres pr\u00e9c\u00e9dentes<\/div>\r\n            <\/div>\r\n        <\/div>\r\n        <div class=\"portfolio-home-carousel owl-theme owl-carousel\">\r\n        \t\t            <div class=\"item\">\r\n\t                <div class=\"img\"> <img decoding=\"async\" src=\"https:\/\/emmwp.com\/wp-content\/uploads\/2026\/03\/Amaluna.jpg\" alt=\"\"> <\/div>\r\n\t                <div class=\"con opacity-1\">\r\n\t                \t<a href=\"https:\/\/emmwp.com\/fr\/portfolio\/amaluna\/\">\r\n\t\t                    <div class=\"title\">\r\n\t\t                        <h6><span class=\"et-layers\"><\/span> Shows<\/h6>\r\n\t\t                        <h3>Amaluna<\/h3>\r\n\t\t                    <\/div>\r\n\t                    <\/a>\r\n\t                    <div class=\"icon\">\r\n\t                        <a href=\"https:\/\/emmwp.com\/fr\/portfolio\/amaluna\/\" class=\"arrow\"> <i class=\"ti-arrow-top-right\"><\/i> <\/a>\r\n\t                    <\/div>\r\n\t                <\/div>\r\n\t            <\/div>\r\n            \t            <div class=\"item\">\r\n\t                <div class=\"img\"> <img decoding=\"async\" src=\"https:\/\/emmwp.com\/wp-content\/uploads\/2026\/03\/corteo.jpg\" alt=\"\"> <\/div>\r\n\t                <div class=\"con opacity-1\">\r\n\t                \t<a href=\"https:\/\/emmwp.com\/fr\/portfolio\/corteo\/\">\r\n\t\t                    <div class=\"title\">\r\n\t\t                        <h6><span class=\"et-layers\"><\/span> Shows<\/h6>\r\n\t\t                        <h3>Corteo<\/h3>\r\n\t\t                    <\/div>\r\n\t                    <\/a>\r\n\t                    <div class=\"icon\">\r\n\t                        <a href=\"https:\/\/emmwp.com\/fr\/portfolio\/corteo\/\" class=\"arrow\"> <i class=\"ti-arrow-top-right\"><\/i> <\/a>\r\n\t                    <\/div>\r\n\t                <\/div>\r\n\t            <\/div>\r\n            \t            <div class=\"item\">\r\n\t                <div class=\"img\"> <img decoding=\"async\" src=\"https:\/\/emmwp.com\/wp-content\/uploads\/2026\/03\/cirque-ovo-heaader.jpg\" alt=\"\"> <\/div>\r\n\t                <div class=\"con opacity-1\">\r\n\t                \t<a href=\"https:\/\/emmwp.com\/fr\/portfolio\/ovo\/\">\r\n\t\t                    <div class=\"title\">\r\n\t\t                        <h6><span class=\"et-layers\"><\/span> Shows<\/h6>\r\n\t\t                        <h3>Ovo<\/h3>\r\n\t\t                    <\/div>\r\n\t                    <\/a>\r\n\t                    <div class=\"icon\">\r\n\t                        <a href=\"https:\/\/emmwp.com\/fr\/portfolio\/ovo\/\" class=\"arrow\"> <i class=\"ti-arrow-top-right\"><\/i> <\/a>\r\n\t                    <\/div>\r\n\t                <\/div>\r\n\t            <\/div>\r\n            \t            <div class=\"item\">\r\n\t                <div class=\"img\"> <img decoding=\"async\" src=\"https:\/\/emmwp.com\/wp-content\/uploads\/2026\/03\/image.jpg\" alt=\"\"> <\/div>\r\n\t                <div class=\"con opacity-1\">\r\n\t                \t<a href=\"https:\/\/emmwp.com\/fr\/portfolio\/kooza\/\">\r\n\t\t                    <div class=\"title\">\r\n\t\t                        <h6><span class=\"et-layers\"><\/span> Shows<\/h6>\r\n\t\t                        <h3>Kooza<\/h3>\r\n\t\t                    <\/div>\r\n\t                    <\/a>\r\n\t                    <div class=\"icon\">\r\n\t                        <a href=\"https:\/\/emmwp.com\/fr\/portfolio\/kooza\/\" class=\"arrow\"> <i class=\"ti-arrow-top-right\"><\/i> <\/a>\r\n\t                    <\/div>\r\n\t                <\/div>\r\n\t            <\/div>\r\n            \t            <div class=\"item\">\r\n\t                <div class=\"img\"> <img decoding=\"async\" src=\"https:\/\/emmwp.com\/wp-content\/uploads\/2026\/03\/SLAVAS_1920x1080.png\" alt=\"\"> <\/div>\r\n\t                <div class=\"con opacity-1\">\r\n\t                \t<a href=\"https:\/\/emmwp.com\/fr\/portfolio\/slava-snowshow-2017\/\">\r\n\t\t                    <div class=\"title\">\r\n\t\t                        <h6><span class=\"et-layers\"><\/span> Shows<\/h6>\r\n\t\t                        <h3>Slava Snowshow<\/h3>\r\n\t\t                    <\/div>\r\n\t                    <\/a>\r\n\t                    <div class=\"icon\">\r\n\t                        <a href=\"https:\/\/emmwp.com\/fr\/portfolio\/slava-snowshow-2017\/\" class=\"arrow\"> <i class=\"ti-arrow-top-right\"><\/i> <\/a>\r\n\t                    <\/div>\r\n\t                <\/div>\r\n\t            <\/div>\r\n            \t            <div class=\"item\">\r\n\t                <div class=\"img\"> <img decoding=\"async\" src=\"https:\/\/emmwp.com\/wp-content\/uploads\/2026\/03\/a0W7Q000005JZisUAG_original.webp\" alt=\"\"> <\/div>\r\n\t                <div class=\"con opacity-1\">\r\n\t                \t<a href=\"https:\/\/emmwp.com\/fr\/portfolio\/notre-dame-de-paris-2015\/\">\r\n\t\t                    <div class=\"title\">\r\n\t\t                        <h6><span class=\"et-layers\"><\/span> Shows<\/h6>\r\n\t\t                        <h3>Notre Dame de Paris<\/h3>\r\n\t\t                    <\/div>\r\n\t                    <\/a>\r\n\t                    <div class=\"icon\">\r\n\t                        <a href=\"https:\/\/emmwp.com\/fr\/portfolio\/notre-dame-de-paris-2015\/\" class=\"arrow\"> <i class=\"ti-arrow-top-right\"><\/i> <\/a>\r\n\t                    <\/div>\r\n\t                <\/div>\r\n\t            <\/div>\r\n            \t            <div class=\"item\">\r\n\t                <div class=\"img\"> <img decoding=\"async\" src=\"https:\/\/emmwp.com\/wp-content\/uploads\/2026\/03\/hq720.jpg\" alt=\"\"> <\/div>\r\n\t                <div class=\"con opacity-1\">\r\n\t                \t<a href=\"https:\/\/emmwp.com\/fr\/portfolio\/crazy-horse-de-paris\/\">\r\n\t\t                    <div class=\"title\">\r\n\t\t                        <h6><span class=\"et-layers\"><\/span> Shows<\/h6>\r\n\t\t                        <h3>Crazy Horse de Paris<\/h3>\r\n\t\t                    <\/div>\r\n\t                    <\/a>\r\n\t                    <div class=\"icon\">\r\n\t                        <a href=\"https:\/\/emmwp.com\/fr\/portfolio\/crazy-horse-de-paris\/\" class=\"arrow\"> <i class=\"ti-arrow-top-right\"><\/i> <\/a>\r\n\t                    <\/div>\r\n\t                <\/div>\r\n\t            <\/div>\r\n            \t            <div class=\"item\">\r\n\t                <div class=\"img\"> <img decoding=\"async\" src=\"https:\/\/emmwp.com\/wp-content\/uploads\/2026\/03\/GTC029581-Cirque-du-Soleil-Varekai-Penticton-BC-Venue-Website-soec.ca-Home-Page-Event-Graphic-593x335-pixels-Opens-Version_1.jpg\" alt=\"\"> <\/div>\r\n\t                <div class=\"con opacity-1\">\r\n\t                \t<a href=\"https:\/\/emmwp.com\/fr\/portfolio\/cirque-du-soleil-varekai\/\">\r\n\t\t                    <div class=\"title\">\r\n\t\t                        <h6><span class=\"et-layers\"><\/span> Shows<\/h6>\r\n\t\t                        <h3>Varekai<\/h3>\r\n\t\t                    <\/div>\r\n\t                    <\/a>\r\n\t                    <div class=\"icon\">\r\n\t                        <a href=\"https:\/\/emmwp.com\/fr\/portfolio\/cirque-du-soleil-varekai\/\" class=\"arrow\"> <i class=\"ti-arrow-top-right\"><\/i> <\/a>\r\n\t                    <\/div>\r\n\t                <\/div>\r\n\t            <\/div>\r\n            \t            <div class=\"item\">\r\n\t                <div class=\"img\"> <img decoding=\"async\" src=\"https:\/\/emmwp.com\/wp-content\/uploads\/2026\/03\/Sp-Cirque-De-Soleil-Dralion-Directors-1080p30.jpg\" alt=\"\"> <\/div>\r\n\t                <div class=\"con opacity-1\">\r\n\t                \t<a href=\"https:\/\/emmwp.com\/fr\/portfolio\/cirque-du-soleil-dralion\/\">\r\n\t\t                    <div class=\"title\">\r\n\t\t                        <h6><span class=\"et-layers\"><\/span> Shows<\/h6>\r\n\t\t                        <h3>Dralion<\/h3>\r\n\t\t                    <\/div>\r\n\t                    <\/a>\r\n\t                    <div class=\"icon\">\r\n\t                        <a href=\"https:\/\/emmwp.com\/fr\/portfolio\/cirque-du-soleil-dralion\/\" class=\"arrow\"> <i class=\"ti-arrow-top-right\"><\/i> <\/a>\r\n\t                    <\/div>\r\n\t                <\/div>\r\n\t            <\/div>\r\n            \t            <div class=\"item\">\r\n\t                <div class=\"img\"> <img decoding=\"async\" src=\"https:\/\/emmwp.com\/wp-content\/uploads\/2026\/03\/64fb0e195d9476e4f7fd0610.webp\" alt=\"\"> <\/div>\r\n\t                <div class=\"con opacity-1\">\r\n\t                \t<a href=\"https:\/\/emmwp.com\/fr\/portfolio\/cirque-du-soleil-bazzar-2019\/\">\r\n\t\t                    <div class=\"title\">\r\n\t\t                        <h6><span class=\"et-layers\"><\/span> Shows<\/h6>\r\n\t\t                        <h3>Bazzar<\/h3>\r\n\t\t                    <\/div>\r\n\t                    <\/a>\r\n\t                    <div class=\"icon\">\r\n\t                        <a href=\"https:\/\/emmwp.com\/fr\/portfolio\/cirque-du-soleil-bazzar-2019\/\" class=\"arrow\"> <i class=\"ti-arrow-top-right\"><\/i> <\/a>\r\n\t                    <\/div>\r\n\t                <\/div>\r\n\t            <\/div>\r\n                    <\/div>\r\n    <\/div>\r\n<\/section>\r\n<div class=\"line-vr-section\"><\/div>\r\n\r\n\t\t\t\t<\/div>\n\t\t\t\t<\/div>\n\t\t\t\t\t<\/div>\n\t\t<\/div>\n\t\t\t\t\t<\/div>\n\t\t<\/section>\n\t\t\t\t<\/div>\n\t\t","protected":false},"excerpt":{"rendered":"<p>Spectacles En cours HARRY POTTERVISIONS DE LA MAGIE Une toute nouvelle exp\u00e9rience artistique interactive Une toute nouvelle exp\u00e9rience artistique interactive. Le voyage commence, embarquez ans un voyage transformateur \u00e0 travers certains des recoins les plus myst\u00e9rieux du monde des sorciers et illuminez vos propres et puissantes visions de la magie Montr\u00e9al \u2013 Place Bonaventure Acheter [&hellip;]<\/p>\n","protected":false},"author":1,"featured_media":4108,"parent":0,"menu_order":0,"comment_status":"closed","ping_status":"closed","template":"page-templates\/home.php","meta":{"inline_featured_image":false,"_monsterinsights_skip_tracking":false,"_monsterinsights_sitenote_active":false,"_monsterinsights_sitenote_note":"","_monsterinsights_sitenote_category":0,"footnotes":""},"class_list":["post-4109","page","type-page","status-publish","has-post-thumbnail","hentry"],"aioseo_notices":[],"_links":{"self":[{"href":"https:\/\/emmwp.com\/fr\/wp-json\/wp\/v2\/pages\/4109","targetHints":{"allow":["GET"]}}],"collection":[{"href":"https:\/\/emmwp.com\/fr\/wp-json\/wp\/v2\/pages"}],"about":[{"href":"https:\/\/emmwp.com\/fr\/wp-json\/wp\/v2\/types\/page"}],"author":[{"embeddable":true,"href":"https:\/\/emmwp.com\/fr\/wp-json\/wp\/v2\/users\/1"}],"replies":[{"embeddable":true,"href":"https:\/\/emmwp.com\/fr\/wp-json\/wp\/v2\/comments?post=4109"}],"version-history":[{"count":11,"href":"https:\/\/emmwp.com\/fr\/wp-json\/wp\/v2\/pages\/4109\/revisions"}],"predecessor-version":[{"id":4189,"href":"https:\/\/emmwp.com\/fr\/wp-json\/wp\/v2\/pages\/4109\/revisions\/4189"}],"wp:featuredmedia":[{"embeddable":true,"href":"https:\/\/emmwp.com\/fr\/wp-json\/wp\/v2\/media\/4108"}],"wp:attachment":[{"href":"https:\/\/emmwp.com\/fr\/wp-json\/wp\/v2\/media?parent=4109"}],"curies":[{"name":"wp","href":"https:\/\/api.w.org\/{rel}","templated":true}]}}